{"id":987,"date":"2026-04-13T21:35:42","date_gmt":"2026-04-13T21:35:42","guid":{"rendered":"https:\/\/ramoncampana.gob.ec\/?page_id=987"},"modified":"2026-04-13T22:42:19","modified_gmt":"2026-04-13T22:42:19","slug":"resena-historica-2","status":"publish","type":"page","link":"https:\/\/ramoncampana.gob.ec\/?page_id=987","title":{"rendered":"RESE\u00d1A HISTORICA"},"content":{"rendered":"\t\t<div data-elementor-type=\"wp-page\" data-elementor-id=\"987\" class=\"elementor elementor-987\">\n\t\t\t\t<div class=\"elementor-element elementor-element-e204c01 e-flex e-con-boxed e-con e-parent\" data-id=\"e204c01\" data-element_type=\"container\">\n\t\t\t\t\t<div class=\"e-con-inner\">\n\t\t<div class=\"elementor-element elementor-element-73e247d e-con-full e-flex e-con e-child\" data-id=\"73e247d\" data-element_type=\"container\">\n\t\t\t\t<div class=\"elementor-element elementor-element-cf3c0cc elementor-widget elementor-widget-heading\" data-id=\"cf3c0cc\" data-element_type=\"widget\" data-widget_type=\"heading.default\">\n\t\t\t\t<div class=\"elementor-widget-container\">\n\t\t\t\t\t<h2 class=\"elementor-heading-title elementor-size-default\">Fundaci\u00f3n y Creaci\u00f3n<\/h2>\t\t\t\t<\/div>\n\t\t\t\t<\/div>\n\t\t\t\t<div class=\"elementor-element elementor-element-f109958 elementor-widget elementor-widget-spacer\" data-id=\"f109958\" data-element_type=\"widget\" data-widget_type=\"spacer.default\">\n\t\t\t\t<div class=\"elementor-widget-container\">\n\t\t\t\t\t\t\t<div class=\"elementor-spacer\">\n\t\t\t<div class=\"elementor-spacer-inner\"><\/div>\n\t\t<\/div>\n\t\t\t\t\t\t<\/div>\n\t\t\t\t<\/div>\n\t\t\t\t<div class=\"elementor-element elementor-element-efc3a04 elementor-widget elementor-widget-text-editor\" data-id=\"efc3a04\" data-element_type=\"widget\" data-widget_type=\"text-editor.default\">\n\t\t\t\t<div class=\"elementor-widget-container\">\n\t\t\t\t\t\t\t\t\t<p style=\"padding-left: 40px;\"><span style=\"color: #ffffff;\">La Parroquia Ram\u00f3n Campa\u00f1a, perteneciente al Cant\u00f3n Pangua, Provincia de Cotopaxi, fue creada el\u00a0<strong>31 de mayo del a\u00f1o 1938<\/strong>\u00a0mediante Decretos Supremos n\u00famero\u00a0<strong>167 y 168<\/strong>, expedidos por el General Alberto Enr\u00edquez Gallo en calidad de Jefe Supremo de la Rep\u00fablica del Ecuador.<\/span><\/p><p style=\"padding-left: 40px;\"><span style=\"color: #ffffff;\">El decreto estableci\u00f3 que el nuevo Cant\u00f3n Pangua se compondr\u00eda de las siguientes parroquias: El Coraz\u00f3n como cabecera cantonal, y Moraspungo y Ram\u00f3n Campa\u00f1a como parroquias rurales, con los caser\u00edos Moraspungo y San Antonio respectivamente,\u00a0<em>en homenaje al doctor Ram\u00f3n Campa\u00f1a, fundador de estas florecientes poblaciones.<\/em><\/span><\/p>\t\t\t\t\t\t\t\t<\/div>\n\t\t\t\t<\/div>\n\t\t\t\t<div class=\"elementor-element elementor-element-cf95a5b elementor-widget elementor-widget-spacer\" data-id=\"cf95a5b\" data-element_type=\"widget\" data-widget_type=\"spacer.default\">\n\t\t\t\t<div class=\"elementor-widget-container\">\n\t\t\t\t\t\t\t<div class=\"elementor-spacer\">\n\t\t\t<div class=\"elementor-spacer-inner\"><\/div>\n\t\t<\/div>\n\t\t\t\t\t\t<\/div>\n\t\t\t\t<\/div>\n\t\t\t\t<div class=\"elementor-element elementor-element-8010782 elementor-widget__width-auto elementor-widget elementor-widget-text-editor\" data-id=\"8010782\" data-element_type=\"widget\" data-widget_type=\"text-editor.default\">\n\t\t\t\t<div class=\"elementor-widget-container\">\n\t\t\t\t\t\t\t\t\t<p style=\"padding-left: 160px;\"><span style=\"color: #555555; font-family: Georgia, serif; font-size: 15px; font-style: italic; font-weight: 400; text-align: justify; background-color: #fff8e1;\">\u00abLos linderos de estas dos nuevas parroquias ser\u00e1n fijados por el correspondiente Concejo Cantonal, cuya organizaci\u00f3n se har\u00e1 por decreto Municipal.\u00bb \u2014 Decreto Supremo de creaci\u00f3n, 1938.<\/span><\/p>\t\t\t\t\t\t\t\t<\/div>\n\t\t\t\t<\/div>\n\t\t\t\t<div class=\"elementor-element elementor-element-2653286 elementor-widget elementor-widget-text-editor\" data-id=\"2653286\" data-element_type=\"widget\" data-widget_type=\"text-editor.default\">\n\t\t\t\t<div class=\"elementor-widget-container\">\n\t\t\t\t\t\t\t\t\t<p style=\"padding-left: 40px;\"><span style=\"color: #ffffff;\">El nombre de la parroquia es un homenaje al\u00a0<strong>presb\u00edtero Ram\u00f3n Campa\u00f1a Carrillo<\/strong>, sacerdote de origen pillare\u00f1o enviado como p\u00e1rroco temporal a la parroquia de Angamarca. En el cumplimiento de sus labores pastorales, el padre Ram\u00f3n visit\u00f3 el sector San Antonio y asumi\u00f3 un rol protag\u00f3nico en el proceso de colonizaci\u00f3n y organizaci\u00f3n del territorio.<\/span><\/p><p style=\"padding-left: 40px;\"><span style=\"color: #ffffff;\">Don\u00f3 parcelas a los campesinos de escasos recursos, proyect\u00f3 y construy\u00f3 la Iglesia Central, traz\u00f3 las calles y planific\u00f3 los servicios p\u00fablicos del naciente poblado, sentando los cimientos de la comunidad que hoy lleva su nombre con leg\u00edtimo orgullo.<\/span><\/p><p style=\"padding-left: 40px;\">\u00a0<\/p>\t\t\t\t\t\t\t\t<\/div>\n\t\t\t\t<\/div>\n\t\t\t\t<\/div>\n\t\t\t\t\t<\/div>\n\t\t\t\t<\/div>\n\t\t\t\t<\/div>\n\t\t","protected":false},"excerpt":{"rendered":"<p>Fundaci\u00f3n y Creaci\u00f3n La Parroquia Ram\u00f3n Campa\u00f1a, perteneciente al Cant\u00f3n Pangua, Provincia de Cotopaxi, fue creada el\u00a031 de mayo del [&hellip;]<\/p>\n","protected":false},"author":1,"featured_media":868,"parent":0,"menu_order":0,"comment_status":"closed","ping_status":"closed","template":"","meta":{"site-sidebar-layout":"no-sidebar","site-content-layout":"","ast-site-content-layout":"full-width-container","site-content-style":"default","site-sidebar-style":"default","ast-global-header-display":"","ast-banner-title-visibility":"","ast-main-header-display":"","ast-hfb-above-header-display":"","ast-hfb-below-header-display":"","ast-hfb-mobile-header-display":"","site-post-title":"","ast-breadcrumbs-content":"","ast-featured-img":"disabled","footer-sml-layout":"","theme-transparent-header-meta":"","adv-header-id-meta":"","stick-header-meta":"","header-above-stick-meta":"","header-main-stick-meta":"","header-below-stick-meta":"","astra-migrate-meta-layouts":"default","ast-page-background-enabled":"default","ast-page-background-meta":{"desktop":{"background-color":"var(--ast-global-color-4)","background-image":"","background-repeat":"repeat","background-position":"center center","background-size":"auto","background-attachment":"scroll","background-type":"","background-media":"","overlay-type":"","overlay-color":"","overlay-opacity":"","overlay-gradient":""},"tablet":{"background-color":"","background-image":"","background-repeat":"repeat","background-position":"center center","background-size":"auto","background-attachment":"scroll","background-type":"","background-media":"","overlay-type":"","overlay-color":"","overlay-opacity":"","overlay-gradient":""},"mobile":{"background-color":"","background-image":"","background-repeat":"repeat","background-position":"center center","background-size":"auto","background-attachment":"scroll","background-type":"","background-media":"","overlay-type":"","overlay-color":"","overlay-opacity":"","overlay-gradient":""}},"ast-content-background-meta":{"desktop":{"background-color":"var(--ast-global-color-5)","background-image":"","background-repeat":"repeat","background-position":"center center","background-size":"auto","background-attachment":"scroll","background-type":"","background-media":"","overlay-type":"","overlay-color":"","overlay-opacity":"","overlay-gradient":""},"tablet":{"background-color":"var(--ast-global-color-5)","background-image":"","background-repeat":"repeat","background-position":"center center","background-size":"auto","background-attachment":"scroll","background-type":"","background-media":"","overlay-type":"","overlay-color":"","overlay-opacity":"","overlay-gradient":""},"mobile":{"background-color":"var(--ast-global-color-5)","background-image":"","background-repeat":"repeat","background-position":"center center","background-size":"auto","background-attachment":"scroll","background-type":"","background-media":"","overlay-type":"","overlay-color":"","overlay-opacity":"","overlay-gradient":""}},"footnotes":""},"class_list":["post-987","page","type-page","status-publish","has-post-thumbnail","hentry"],"_links":{"self":[{"href":"https:\/\/ramoncampana.gob.ec\/index.php?rest_route=\/wp\/v2\/pages\/987","targetHints":{"allow":["GET"]}}],"collection":[{"href":"https:\/\/ramoncampana.gob.ec\/index.php?rest_route=\/wp\/v2\/pages"}],"about":[{"href":"https:\/\/ramoncampana.gob.ec\/index.php?rest_route=\/wp\/v2\/types\/page"}],"author":[{"embeddable":true,"href":"https:\/\/ramoncampana.gob.ec\/index.php?rest_route=\/wp\/v2\/users\/1"}],"replies":[{"embeddable":true,"href":"https:\/\/ramoncampana.gob.ec\/index.php?rest_route=%2Fwp%2Fv2%2Fcomments&post=987"}],"version-history":[{"count":3,"href":"https:\/\/ramoncampana.gob.ec\/index.php?rest_route=\/wp\/v2\/pages\/987\/revisions"}],"predecessor-version":[{"id":990,"href":"https:\/\/ramoncampana.gob.ec\/index.php?rest_route=\/wp\/v2\/pages\/987\/revisions\/990"}],"wp:featuredmedia":[{"embeddable":true,"href":"https:\/\/ramoncampana.gob.ec\/index.php?rest_route=\/wp\/v2\/media\/868"}],"wp:attachment":[{"href":"https:\/\/ramoncampana.gob.ec\/index.php?rest_route=%2Fwp%2Fv2%2Fmedia&parent=987"}],"curies":[{"name":"wp","href":"https:\/\/api.w.org\/{rel}","templated":true}]}}